{"id":24967,"date":"2022-08-09T13:30:13","date_gmt":"2022-08-09T16:30:13","guid":{"rendered":"https:\/\/medicina.utalca.cl\/?page_id=24967"},"modified":"2022-08-26T10:40:17","modified_gmt":"2022-08-26T13:40:17","slug":"vinculacion","status":"publish","type":"page","link":"https:\/\/medicina.utalca.cl\/?page_id=24967","title":{"rendered":"Vinculaci\u00f3n"},"content":{"rendered":"\t\t<div data-elementor-type=\"wp-page\" data-elementor-id=\"24967\" class=\"elementor elementor-24967\" data-elementor-post-type=\"page\">\n\t\t\t\t\t\t<section class=\"elementor-section elementor-top-section elementor-element elementor-element-737d8c2d elementor-section-boxed elementor-section-height-default elementor-section-height-default\" data-id=\"737d8c2d\" data-element_type=\"section\">\n\t\t\t\t\t\t<div class=\"elementor-container elementor-column-gap-default\">\n\t\t\t\t\t<div class=\"elementor-column elementor-col-100 elementor-top-column elementor-element elementor-element-b40505c\" data-id=\"b40505c\" data-element_type=\"column\">\n\t\t\t<div class=\"elementor-widget-wrap elementor-element-populated\">\n\t\t\t\t\t\t<div class=\"elementor-element elementor-element-f53e08e elementor-widget elementor-widget-heading\" data-id=\"f53e08e\" data-element_type=\"widget\" data-widget_type=\"heading.default\">\n\t\t\t\t<div class=\"elementor-widget-container\">\n\t\t\t\t\t<h2 class=\"elementor-heading-title elementor-size-default\">Vinculaci\u00f3n con el medio<\/h2>\t\t\t\t<\/div>\n\t\t\t\t<\/div>\n\t\t\t\t<div class=\"elementor-element elementor-element-6607b837 elementor-widget elementor-widget-text-editor\" data-id=\"6607b837\" data-element_type=\"widget\" data-widget_type=\"text-editor.default\">\n\t\t\t\t<div class=\"elementor-widget-container\">\n\t\t\t\t\t\t\t\t\t<p><\/p>\n<p>La Unidad de Extensi\u00f3n y Vinculaci\u00f3n es una unidad dependiente de la Direcci\u00f3n de la Escuela de Medicina encargada de organizar, planificar e implementar actividades de extensi\u00f3n propias de la Escuela de Medicina de la Universidad de Talca y brindar apoyo a las actividades de los campos cl\u00ednicos en convenio. La unidad trabaja directamente con docentes, estudiantes, organizaciones estudiantiles, campos cl\u00ednicos y otras \u00e1reas la de Universidad.<\/p>\n<p><b>\u00bfDeseas comunicarte con la Unidad?<br \/><\/b><span style=\"font-style: inherit; font-weight: inherit; background-color: var(--ast-global-color-5); color: var(--ast-global-color-3);\">Env\u00eda un correo a\u00a0<\/span><a style=\"font-style: inherit; font-weight: inherit;\" href=\"mailto:vinculacionmedicina@utalca.cl\" target=\"_blank\" rel=\"noopener\">vinculacionmedicina@utalca.cl<\/a><span style=\"font-style: inherit; font-weight: inherit; background-color: var(--ast-global-color-5); color: var(--ast-global-color-3);\">\u00a0o visita nuestros Instagram oficial <a href=\"https:\/\/www.instagram.com\/medicinautalca\/\" target=\"_blank\" rel=\"noopener\">@medicinautalca<\/a>.<\/span><\/p>\n<p>Revisa los registros de nuestras actividades aqu\u00ed:<\/p>\n<p><\/p>\t\t\t\t\t\t\t\t<\/div>\n\t\t\t\t<\/div>\n\t\t\t\t<div class=\"elementor-element elementor-element-6831e2d elementor-position-left elementor-view-default elementor-mobile-position-top elementor-widget elementor-widget-icon-box\" data-id=\"6831e2d\" data-element_type=\"widget\" data-widget_type=\"icon-box.default\">\n\t\t\t\t<div class=\"elementor-widget-container\">\n\t\t\t\t\t\t\t<div class=\"elementor-icon-box-wrapper\">\n\n\t\t\t\t\t\t<div class=\"elementor-icon-box-icon\">\n\t\t\t\t<span  class=\"elementor-icon\">\n\t\t\t\t<i aria-hidden=\"true\" class=\"fas fa-circle\"><\/i>\t\t\t\t<\/span>\n\t\t\t<\/div>\n\t\t\t\n\t\t\t\t\t\t<div class=\"elementor-icon-box-content\">\n\n\t\t\t\t\t\t\t\t\t<h4 class=\"elementor-icon-box-title\">\n\t\t\t\t\t\t<span  >\n\t\t\t\t\t\t\tFeria de las pymes en Campus Pehuenche, Talca. 23 abril 2022\t\t\t\t\t\t<\/span>\n\t\t\t\t\t<\/h4>\n\t\t\t\t\n\t\t\t\t\n\t\t\t<\/div>\n\t\t\t\n\t\t<\/div>\n\t\t\t\t\t\t<\/div>\n\t\t\t\t<\/div>\n\t\t\t\t<div class=\"elementor-element elementor-element-11739d9 gallery-spacing-custom elementor-widget elementor-widget-image-gallery\" data-id=\"11739d9\" data-element_type=\"widget\" data-widget_type=\"image-gallery.default\">\n\t\t\t\t<div class=\"elementor-widget-container\">\n\t\t\t\t\t\t\t<div class=\"elementor-image-gallery\">\n\t\t\t<div id='gallery-1' class='gallery galleryid-24967 gallery-columns-3 gallery-size-full'><figure class='gallery-item'>\n\t\t\t<div class='gallery-icon landscape'>\n\t\t\t\t<a data-elementor-open-lightbox=\"yes\" data-elementor-lightbox-slideshow=\"11739d9\" data-elementor-lightbox-title=\"feria1\" data-e-action-hash=\"#elementor-action%3Aaction%3Dlightbox%26settings%3DeyJpZCI6MjQ5OTgsInVybCI6Imh0dHBzOlwvXC9tZWRpY2luYS51dGFsY2EuY2xcL3dwLWNvbnRlbnRcL3VwbG9hZHNcLzIwMjJcLzA4XC9mZXJpYTEuanBnIiwic2xpZGVzaG93IjoiMTE3MzlkOSJ9\" href='https:\/\/medicina.utalca.cl\/wp-content\/uploads\/2022\/08\/feria1.jpg'><img fetchpriority=\"high\" decoding=\"async\" width=\"1200\" height=\"1200\" src=\"https:\/\/medicina.utalca.cl\/wp-content\/uploads\/2022\/08\/feria1.jpg\" class=\"attachment-full size-full\" alt=\"\" srcset=\"https:\/\/medicina.utalca.cl\/wp-content\/uploads\/2022\/08\/feria1.jpg 1200w, https:\/\/medicina.utalca.cl\/wp-content\/uploads\/2022\/08\/feria1-300x300.jpg 300w, https:\/\/medicina.utalca.cl\/wp-content\/uploads\/2022\/08\/feria1-1024x1024.jpg 1024w, https:\/\/medicina.utalca.cl\/wp-content\/uploads\/2022\/08\/feria1-150x150.jpg 150w, https:\/\/medicina.utalca.cl\/wp-content\/uploads\/2022\/08\/feria1-768x768.jpg 768w\" sizes=\"(max-width: 1200px) 100vw, 1200px\" \/><\/a>\n\t\t\t<\/div><\/figure><figure class='gallery-item'>\n\t\t\t<div class='gallery-icon landscape'>\n\t\t\t\t<a data-elementor-open-lightbox=\"yes\" data-elementor-lightbox-slideshow=\"11739d9\" data-elementor-lightbox-title=\"feria2\" data-e-action-hash=\"#elementor-action%3Aaction%3Dlightbox%26settings%3DeyJpZCI6MjQ5OTksInVybCI6Imh0dHBzOlwvXC9tZWRpY2luYS51dGFsY2EuY2xcL3dwLWNvbnRlbnRcL3VwbG9hZHNcLzIwMjJcLzA4XC9mZXJpYTIuanBnIiwic2xpZGVzaG93IjoiMTE3MzlkOSJ9\" href='https:\/\/medicina.utalca.cl\/wp-content\/uploads\/2022\/08\/feria2.jpg'><img decoding=\"async\" width=\"1200\" height=\"1199\" src=\"https:\/\/medicina.utalca.cl\/wp-content\/uploads\/2022\/08\/feria2.jpg\" class=\"attachment-full size-full\" alt=\"\" srcset=\"https:\/\/medicina.utalca.cl\/wp-content\/uploads\/2022\/08\/feria2.jpg 1200w, https:\/\/medicina.utalca.cl\/wp-content\/uploads\/2022\/08\/feria2-300x300.jpg 300w, https:\/\/medicina.utalca.cl\/wp-content\/uploads\/2022\/08\/feria2-1024x1024.jpg 1024w, https:\/\/medicina.utalca.cl\/wp-content\/uploads\/2022\/08\/feria2-150x150.jpg 150w, https:\/\/medicina.utalca.cl\/wp-content\/uploads\/2022\/08\/feria2-768x767.jpg 768w\" sizes=\"(max-width: 1200px) 100vw, 1200px\" \/><\/a>\n\t\t\t<\/div><\/figure><figure class='gallery-item'>\n\t\t\t<div class='gallery-icon landscape'>\n\t\t\t\t<a data-elementor-open-lightbox=\"yes\" data-elementor-lightbox-slideshow=\"11739d9\" data-elementor-lightbox-title=\"feria10\" data-e-action-hash=\"#elementor-action%3Aaction%3Dlightbox%26settings%3DeyJpZCI6MjUwMDcsInVybCI6Imh0dHBzOlwvXC9tZWRpY2luYS51dGFsY2EuY2xcL3dwLWNvbnRlbnRcL3VwbG9hZHNcLzIwMjJcLzA4XC9mZXJpYTEwLmpwZyIsInNsaWRlc2hvdyI6IjExNzM5ZDkifQ%3D%3D\" href='https:\/\/medicina.utalca.cl\/wp-content\/uploads\/2022\/08\/feria10.jpg'><img decoding=\"async\" width=\"1200\" height=\"1200\" src=\"https:\/\/medicina.utalca.cl\/wp-content\/uploads\/2022\/08\/feria10.jpg\" class=\"attachment-full size-full\" alt=\"\" srcset=\"https:\/\/medicina.utalca.cl\/wp-content\/uploads\/2022\/08\/feria10.jpg 1200w, https:\/\/medicina.utalca.cl\/wp-content\/uploads\/2022\/08\/feria10-300x300.jpg 300w, https:\/\/medicina.utalca.cl\/wp-content\/uploads\/2022\/08\/feria10-1024x1024.jpg 1024w, https:\/\/medicina.utalca.cl\/wp-content\/uploads\/2022\/08\/feria10-150x150.jpg 150w, https:\/\/medicina.utalca.cl\/wp-content\/uploads\/2022\/08\/feria10-768x768.jpg 768w\" sizes=\"(max-width: 1200px) 100vw, 1200px\" \/><\/a>\n\t\t\t<\/div><\/figure><figure class='gallery-item'>\n\t\t\t<div class='gallery-icon landscape'>\n\t\t\t\t<a data-elementor-open-lightbox=\"yes\" data-elementor-lightbox-slideshow=\"11739d9\" data-elementor-lightbox-title=\"feria9\" data-e-action-hash=\"#elementor-action%3Aaction%3Dlightbox%26settings%3DeyJpZCI6MjUwMDYsInVybCI6Imh0dHBzOlwvXC9tZWRpY2luYS51dGFsY2EuY2xcL3dwLWNvbnRlbnRcL3VwbG9hZHNcLzIwMjJcLzA4XC9mZXJpYTkuanBnIiwic2xpZGVzaG93IjoiMTE3MzlkOSJ9\" href='https:\/\/medicina.utalca.cl\/wp-content\/uploads\/2022\/08\/feria9.jpg'><img loading=\"lazy\" decoding=\"async\" width=\"1200\" height=\"801\" src=\"https:\/\/medicina.utalca.cl\/wp-content\/uploads\/2022\/08\/feria9.jpg\" class=\"attachment-full size-full\" alt=\"\" srcset=\"https:\/\/medicina.utalca.cl\/wp-content\/uploads\/2022\/08\/feria9.jpg 1200w, https:\/\/medicina.utalca.cl\/wp-content\/uploads\/2022\/08\/feria9-300x200.jpg 300w, https:\/\/medicina.utalca.cl\/wp-content\/uploads\/2022\/08\/feria9-1024x684.jpg 1024w, https:\/\/medicina.utalca.cl\/wp-content\/uploads\/2022\/08\/feria9-768x513.jpg 768w\" sizes=\"(max-width: 1200px) 100vw, 1200px\" \/><\/a>\n\t\t\t<\/div><\/figure><figure class='gallery-item'>\n\t\t\t<div class='gallery-icon landscape'>\n\t\t\t\t<a data-elementor-open-lightbox=\"yes\" data-elementor-lightbox-slideshow=\"11739d9\" data-elementor-lightbox-title=\"feria6\" data-e-action-hash=\"#elementor-action%3Aaction%3Dlightbox%26settings%3DeyJpZCI6MjUwMDMsInVybCI6Imh0dHBzOlwvXC9tZWRpY2luYS51dGFsY2EuY2xcL3dwLWNvbnRlbnRcL3VwbG9hZHNcLzIwMjJcLzA4XC9mZXJpYTYuanBnIiwic2xpZGVzaG93IjoiMTE3MzlkOSJ9\" href='https:\/\/medicina.utalca.cl\/wp-content\/uploads\/2022\/08\/feria6.jpg'><img loading=\"lazy\" decoding=\"async\" width=\"1200\" height=\"801\" src=\"https:\/\/medicina.utalca.cl\/wp-content\/uploads\/2022\/08\/feria6.jpg\" class=\"attachment-full size-full\" alt=\"\" srcset=\"https:\/\/medicina.utalca.cl\/wp-content\/uploads\/2022\/08\/feria6.jpg 1200w, https:\/\/medicina.utalca.cl\/wp-content\/uploads\/2022\/08\/feria6-300x200.jpg 300w, https:\/\/medicina.utalca.cl\/wp-content\/uploads\/2022\/08\/feria6-1024x684.jpg 1024w, https:\/\/medicina.utalca.cl\/wp-content\/uploads\/2022\/08\/feria6-768x513.jpg 768w\" sizes=\"(max-width: 1200px) 100vw, 1200px\" \/><\/a>\n\t\t\t<\/div><\/figure><figure class='gallery-item'>\n\t\t\t<div class='gallery-icon landscape'>\n\t\t\t\t<a data-elementor-open-lightbox=\"yes\" data-elementor-lightbox-slideshow=\"11739d9\" data-elementor-lightbox-title=\"feria3\" data-e-action-hash=\"#elementor-action%3Aaction%3Dlightbox%26settings%3DeyJpZCI6MjUwMDAsInVybCI6Imh0dHBzOlwvXC9tZWRpY2luYS51dGFsY2EuY2xcL3dwLWNvbnRlbnRcL3VwbG9hZHNcLzIwMjJcLzA4XC9mZXJpYTMuanBnIiwic2xpZGVzaG93IjoiMTE3MzlkOSJ9\" href='https:\/\/medicina.utalca.cl\/wp-content\/uploads\/2022\/08\/feria3.jpg'><img loading=\"lazy\" decoding=\"async\" width=\"1200\" height=\"801\" src=\"https:\/\/medicina.utalca.cl\/wp-content\/uploads\/2022\/08\/feria3.jpg\" class=\"attachment-full size-full\" alt=\"\" srcset=\"https:\/\/medicina.utalca.cl\/wp-content\/uploads\/2022\/08\/feria3.jpg 1200w, https:\/\/medicina.utalca.cl\/wp-content\/uploads\/2022\/08\/feria3-300x200.jpg 300w, https:\/\/medicina.utalca.cl\/wp-content\/uploads\/2022\/08\/feria3-1024x684.jpg 1024w, https:\/\/medicina.utalca.cl\/wp-content\/uploads\/2022\/08\/feria3-768x513.jpg 768w\" sizes=\"(max-width: 1200px) 100vw, 1200px\" \/><\/a>\n\t\t\t<\/div><\/figure><figure class='gallery-item'>\n\t\t\t<div class='gallery-icon landscape'>\n\t\t\t\t<a data-elementor-open-lightbox=\"yes\" data-elementor-lightbox-slideshow=\"11739d9\" data-elementor-lightbox-title=\"feria5\" data-e-action-hash=\"#elementor-action%3Aaction%3Dlightbox%26settings%3DeyJpZCI6MjUwMDIsInVybCI6Imh0dHBzOlwvXC9tZWRpY2luYS51dGFsY2EuY2xcL3dwLWNvbnRlbnRcL3VwbG9hZHNcLzIwMjJcLzA4XC9mZXJpYTUuanBnIiwic2xpZGVzaG93IjoiMTE3MzlkOSJ9\" href='https:\/\/medicina.utalca.cl\/wp-content\/uploads\/2022\/08\/feria5.jpg'><img loading=\"lazy\" decoding=\"async\" width=\"1200\" height=\"801\" src=\"https:\/\/medicina.utalca.cl\/wp-content\/uploads\/2022\/08\/feria5.jpg\" class=\"attachment-full size-full\" alt=\"\" srcset=\"https:\/\/medicina.utalca.cl\/wp-content\/uploads\/2022\/08\/feria5.jpg 1200w, https:\/\/medicina.utalca.cl\/wp-content\/uploads\/2022\/08\/feria5-300x200.jpg 300w, https:\/\/medicina.utalca.cl\/wp-content\/uploads\/2022\/08\/feria5-1024x684.jpg 1024w, https:\/\/medicina.utalca.cl\/wp-content\/uploads\/2022\/08\/feria5-768x513.jpg 768w\" sizes=\"(max-width: 1200px) 100vw, 1200px\" \/><\/a>\n\t\t\t<\/div><\/figure><figure class='gallery-item'>\n\t\t\t<div class='gallery-icon landscape'>\n\t\t\t\t<a data-elementor-open-lightbox=\"yes\" data-elementor-lightbox-slideshow=\"11739d9\" data-elementor-lightbox-title=\"feria4\" data-e-action-hash=\"#elementor-action%3Aaction%3Dlightbox%26settings%3DeyJpZCI6MjUwMDEsInVybCI6Imh0dHBzOlwvXC9tZWRpY2luYS51dGFsY2EuY2xcL3dwLWNvbnRlbnRcL3VwbG9hZHNcLzIwMjJcLzA4XC9mZXJpYTQuanBnIiwic2xpZGVzaG93IjoiMTE3MzlkOSJ9\" href='https:\/\/medicina.utalca.cl\/wp-content\/uploads\/2022\/08\/feria4.jpg'><img loading=\"lazy\" decoding=\"async\" width=\"1200\" height=\"801\" src=\"https:\/\/medicina.utalca.cl\/wp-content\/uploads\/2022\/08\/feria4.jpg\" class=\"attachment-full size-full\" alt=\"\" srcset=\"https:\/\/medicina.utalca.cl\/wp-content\/uploads\/2022\/08\/feria4.jpg 1200w, https:\/\/medicina.utalca.cl\/wp-content\/uploads\/2022\/08\/feria4-300x200.jpg 300w, https:\/\/medicina.utalca.cl\/wp-content\/uploads\/2022\/08\/feria4-1024x684.jpg 1024w, https:\/\/medicina.utalca.cl\/wp-content\/uploads\/2022\/08\/feria4-768x513.jpg 768w\" sizes=\"(max-width: 1200px) 100vw, 1200px\" \/><\/a>\n\t\t\t<\/div><\/figure><figure class='gallery-item'>\n\t\t\t<div class='gallery-icon landscape'>\n\t\t\t\t<a data-elementor-open-lightbox=\"yes\" data-elementor-lightbox-slideshow=\"11739d9\" data-elementor-lightbox-title=\"feria7\" data-e-action-hash=\"#elementor-action%3Aaction%3Dlightbox%26settings%3DeyJpZCI6MjUwMDQsInVybCI6Imh0dHBzOlwvXC9tZWRpY2luYS51dGFsY2EuY2xcL3dwLWNvbnRlbnRcL3VwbG9hZHNcLzIwMjJcLzA4XC9mZXJpYTcuanBnIiwic2xpZGVzaG93IjoiMTE3MzlkOSJ9\" href='https:\/\/medicina.utalca.cl\/wp-content\/uploads\/2022\/08\/feria7.jpg'><img loading=\"lazy\" decoding=\"async\" width=\"1200\" height=\"801\" src=\"https:\/\/medicina.utalca.cl\/wp-content\/uploads\/2022\/08\/feria7.jpg\" class=\"attachment-full size-full\" alt=\"\" srcset=\"https:\/\/medicina.utalca.cl\/wp-content\/uploads\/2022\/08\/feria7.jpg 1200w, https:\/\/medicina.utalca.cl\/wp-content\/uploads\/2022\/08\/feria7-300x200.jpg 300w, https:\/\/medicina.utalca.cl\/wp-content\/uploads\/2022\/08\/feria7-1024x684.jpg 1024w, https:\/\/medicina.utalca.cl\/wp-content\/uploads\/2022\/08\/feria7-768x513.jpg 768w\" sizes=\"(max-width: 1200px) 100vw, 1200px\" \/><\/a>\n\t\t\t<\/div><\/figure><figure class='gallery-item'>\n\t\t\t<div class='gallery-icon landscape'>\n\t\t\t\t<a data-elementor-open-lightbox=\"yes\" data-elementor-lightbox-slideshow=\"11739d9\" data-elementor-lightbox-title=\"feria8\" data-e-action-hash=\"#elementor-action%3Aaction%3Dlightbox%26settings%3DeyJpZCI6MjUwMDUsInVybCI6Imh0dHBzOlwvXC9tZWRpY2luYS51dGFsY2EuY2xcL3dwLWNvbnRlbnRcL3VwbG9hZHNcLzIwMjJcLzA4XC9mZXJpYTguanBnIiwic2xpZGVzaG93IjoiMTE3MzlkOSJ9\" href='https:\/\/medicina.utalca.cl\/wp-content\/uploads\/2022\/08\/feria8.jpg'><img loading=\"lazy\" decoding=\"async\" width=\"1200\" height=\"1200\" src=\"https:\/\/medicina.utalca.cl\/wp-content\/uploads\/2022\/08\/feria8.jpg\" class=\"attachment-full size-full\" alt=\"\" srcset=\"https:\/\/medicina.utalca.cl\/wp-content\/uploads\/2022\/08\/feria8.jpg 1200w, https:\/\/medicina.utalca.cl\/wp-content\/uploads\/2022\/08\/feria8-300x300.jpg 300w, https:\/\/medicina.utalca.cl\/wp-content\/uploads\/2022\/08\/feria8-1024x1024.jpg 1024w, https:\/\/medicina.utalca.cl\/wp-content\/uploads\/2022\/08\/feria8-150x150.jpg 150w, https:\/\/medicina.utalca.cl\/wp-content\/uploads\/2022\/08\/feria8-768x768.jpg 768w\" sizes=\"(max-width: 1200px) 100vw, 1200px\" \/><\/a>\n\t\t\t<\/div><\/figure>\n\t\t<\/div>\n\t\t<\/div>\n\t\t\t\t\t\t<\/div>\n\t\t\t\t<\/div>\n\t\t\t\t<div class=\"elementor-element elementor-element-8028dc5 elementor-widget elementor-widget-spacer\" data-id=\"8028dc5\" data-element_type=\"widget\" data-widget_type=\"spacer.default\">\n\t\t\t\t<div class=\"elementor-widget-container\">\n\t\t\t\t\t\t\t<div class=\"elementor-spacer\">\n\t\t\t<div class=\"elementor-spacer-inner\"><\/div>\n\t\t<\/div>\n\t\t\t\t\t\t<\/div>\n\t\t\t\t<\/div>\n\t\t\t\t<div class=\"elementor-element elementor-element-b9547da elementor-position-left elementor-view-default elementor-mobile-position-top elementor-widget elementor-widget-icon-box\" data-id=\"b9547da\" data-element_type=\"widget\" data-widget_type=\"icon-box.default\">\n\t\t\t\t<div class=\"elementor-widget-container\">\n\t\t\t\t\t\t\t<div class=\"elementor-icon-box-wrapper\">\n\n\t\t\t\t\t\t<div class=\"elementor-icon-box-icon\">\n\t\t\t\t<span  class=\"elementor-icon\">\n\t\t\t\t<i aria-hidden=\"true\" class=\"fas fa-circle\"><\/i>\t\t\t\t<\/span>\n\t\t\t<\/div>\n\t\t\t\n\t\t\t\t\t\t<div class=\"elementor-icon-box-content\">\n\n\t\t\t\t\t\t\t\t\t<h4 class=\"elementor-icon-box-title\">\n\t\t\t\t\t\t<span  >\n\t\t\t\t\t\t\tRuta M\u00e9dica VERASEM, San Rafael. 14 mayo 2022\t\t\t\t\t\t<\/span>\n\t\t\t\t\t<\/h4>\n\t\t\t\t\n\t\t\t\t\n\t\t\t<\/div>\n\t\t\t\n\t\t<\/div>\n\t\t\t\t\t\t<\/div>\n\t\t\t\t<\/div>\n\t\t\t\t<div class=\"elementor-element elementor-element-ee94e61 elementor-position-left elementor-view-default elementor-mobile-position-top elementor-widget elementor-widget-icon-box\" data-id=\"ee94e61\" data-element_type=\"widget\" data-widget_type=\"icon-box.default\">\n\t\t\t\t<div class=\"elementor-widget-container\">\n\t\t\t\t\t\t\t<div class=\"elementor-icon-box-wrapper\">\n\n\t\t\t\t\t\t<div class=\"elementor-icon-box-icon\">\n\t\t\t\t<span  class=\"elementor-icon\">\n\t\t\t\t<i aria-hidden=\"true\" class=\"fas fa-circle\"><\/i>\t\t\t\t<\/span>\n\t\t\t<\/div>\n\t\t\t\n\t\t\t\t\t\t<div class=\"elementor-icon-box-content\">\n\n\t\t\t\t\t\t\t\t\t<h4 class=\"elementor-icon-box-title\">\n\t\t\t\t\t\t<span  >\n\t\t\t\t\t\t\tRuta M\u00e9dica VERASEM en sede social de Queri, San Clemente, 23 abril 2022\t\t\t\t\t\t<\/span>\n\t\t\t\t\t<\/h4>\n\t\t\t\t\n\t\t\t\t\n\t\t\t<\/div>\n\t\t\t\n\t\t<\/div>\n\t\t\t\t\t\t<\/div>\n\t\t\t\t<\/div>\n\t\t\t\t<div class=\"elementor-element elementor-element-f7b5d1a elementor-position-left elementor-view-default elementor-mobile-position-top elementor-widget elementor-widget-icon-box\" data-id=\"f7b5d1a\" data-element_type=\"widget\" data-widget_type=\"icon-box.default\">\n\t\t\t\t<div class=\"elementor-widget-container\">\n\t\t\t\t\t\t\t<div class=\"elementor-icon-box-wrapper\">\n\n\t\t\t\t\t\t<div class=\"elementor-icon-box-icon\">\n\t\t\t\t<span  class=\"elementor-icon\">\n\t\t\t\t<i aria-hidden=\"true\" class=\"fas fa-circle\"><\/i>\t\t\t\t<\/span>\n\t\t\t<\/div>\n\t\t\t\n\t\t\t\t\t\t<div class=\"elementor-icon-box-content\">\n\n\t\t\t\t\t\t\t\t\t<h4 class=\"elementor-icon-box-title\">\n\t\t\t\t\t\t<span  >\n\t\t\t\t\t\t\tOperativo de Salud en Posta Las Lomas junto a Rotary Club Talca,  23 abril 2022\t\t\t\t\t\t<\/span>\n\t\t\t\t\t<\/h4>\n\t\t\t\t\n\t\t\t\t\n\t\t\t<\/div>\n\t\t\t\n\t\t<\/div>\n\t\t\t\t\t\t<\/div>\n\t\t\t\t<\/div>\n\t\t\t\t\t<\/div>\n\t\t<\/div>\n\t\t\t\t\t<\/div>\n\t\t<\/section>\n\t\t\t\t<\/div>\n\t\t","protected":false},"excerpt":{"rendered":"<p>Vinculaci\u00f3n con el medio La Unidad de Extensi\u00f3n y Vinculaci\u00f3n es una unidad dependiente de la Direcci\u00f3n de la Escuela de Medicina encargada de organizar, planificar e implementar actividades de extensi\u00f3n propias de la Escuela de Medicina de la Universidad de Talca y brindar apoyo a las actividades de los campos cl\u00ednicos en convenio. La [&hellip;]<\/p>\n","protected":false},"author":1,"featured_media":0,"parent":0,"menu_order":0,"comment_status":"closed","ping_status":"closed","template":"","meta":{"site-sidebar-layout":"default","site-content-layout":"","ast-site-content-layout":"default","site-content-style":"default","site-sidebar-style":"default","ast-global-header-display":"","ast-banner-title-visibility":"","ast-main-header-display":"","ast-hfb-above-header-display":"","ast-hfb-below-header-display":"","ast-hfb-mobile-header-display":"","site-post-title":"disabled","ast-breadcrumbs-content":"","ast-featured-img":"","footer-sml-layout":"","theme-transparent-header-meta":"","adv-header-id-meta":"","stick-header-meta":"","header-above-stick-meta":"","header-main-stick-meta":"","header-below-stick-meta":"","astra-migrate-meta-layouts":"default","ast-page-background-enabled":"default","ast-page-background-meta":{"desktop":{"background-color":"","background-image":"","background-repeat":"repeat","background-position":"center center","background-size":"auto","background-attachment":"scroll","background-type":"","background-media":"","overlay-type":"","overlay-color":"","overlay-opacity":"","overlay-gradient":""},"tablet":{"background-color":"","background-image":"","background-repeat":"repeat","background-position":"center center","background-size":"auto","background-attachment":"scroll","background-type":"","background-media":"","overlay-type":"","overlay-color":"","overlay-opacity":"","overlay-gradient":""},"mobile":{"background-color":"","background-image":"","background-repeat":"repeat","background-position":"center center","background-size":"auto","background-attachment":"scroll","background-type":"","background-media":"","overlay-type":"","overlay-color":"","overlay-opacity":"","overlay-gradient":""}},"ast-content-background-meta":{"desktop":{"background-color":"var(--ast-global-color-5)","background-image":"","background-repeat":"repeat","background-position":"center center","background-size":"auto","background-attachment":"scroll","background-type":"","background-media":"","overlay-type":"","overlay-color":"","overlay-opacity":"","overlay-gradient":""},"tablet":{"background-color":"var(--ast-global-color-5)","background-image":"","background-repeat":"repeat","background-position":"center center","background-size":"auto","background-attachment":"scroll","background-type":"","background-media":"","overlay-type":"","overlay-color":"","overlay-opacity":"","overlay-gradient":""},"mobile":{"background-color":"var(--ast-global-color-5)","background-image":"","background-repeat":"repeat","background-position":"center center","background-size":"auto","background-attachment":"scroll","background-type":"","background-media":"","overlay-type":"","overlay-color":"","overlay-opacity":"","overlay-gradient":""}},"footnotes":""},"class_list":["post-24967","page","type-page","status-publish","hentry"],"_links":{"self":[{"href":"https:\/\/medicina.utalca.cl\/index.php?rest_route=\/wp\/v2\/pages\/24967","targetHints":{"allow":["GET"]}}],"collection":[{"href":"https:\/\/medicina.utalca.cl\/index.php?rest_route=\/wp\/v2\/pages"}],"about":[{"href":"https:\/\/medicina.utalca.cl\/index.php?rest_route=\/wp\/v2\/types\/page"}],"author":[{"embeddable":true,"href":"https:\/\/medicina.utalca.cl\/index.php?rest_route=\/wp\/v2\/users\/1"}],"replies":[{"embeddable":true,"href":"https:\/\/medicina.utalca.cl\/index.php?rest_route=%2Fwp%2Fv2%2Fcomments&post=24967"}],"version-history":[{"count":28,"href":"https:\/\/medicina.utalca.cl\/index.php?rest_route=\/wp\/v2\/pages\/24967\/revisions"}],"predecessor-version":[{"id":25380,"href":"https:\/\/medicina.utalca.cl\/index.php?rest_route=\/wp\/v2\/pages\/24967\/revisions\/25380"}],"wp:attachment":[{"href":"https:\/\/medicina.utalca.cl\/index.php?rest_route=%2Fwp%2Fv2%2Fmedia&parent=24967"}],"curies":[{"name":"wp","href":"https:\/\/api.w.org\/{rel}","templated":true}]}}