{"id":25060,"date":"2022-08-09T16:19:23","date_gmt":"2022-08-09T19:19:23","guid":{"rendered":"https:\/\/medicina.utalca.cl\/?page_id=25060"},"modified":"2022-08-09T16:21:43","modified_gmt":"2022-08-09T19:21:43","slug":"ifmsa","status":"publish","type":"page","link":"https:\/\/medicina.utalca.cl\/?page_id=25060","title":{"rendered":"IFMSA"},"content":{"rendered":"\t\t<div data-elementor-type=\"wp-page\" data-elementor-id=\"25060\" class=\"elementor elementor-25060\" data-elementor-post-type=\"page\">\n\t\t\t\t\t\t<section class=\"elementor-section elementor-top-section elementor-element elementor-element-737d8c2d elementor-section-boxed elementor-section-height-default elementor-section-height-default\" data-id=\"737d8c2d\" data-element_type=\"section\">\n\t\t\t\t\t\t<div class=\"elementor-container elementor-column-gap-default\">\n\t\t\t\t\t<div class=\"elementor-column elementor-col-100 elementor-top-column elementor-element elementor-element-b40505c\" data-id=\"b40505c\" data-element_type=\"column\">\n\t\t\t<div class=\"elementor-widget-wrap elementor-element-populated\">\n\t\t\t\t\t\t<div class=\"elementor-element elementor-element-f53e08e elementor-widget elementor-widget-heading\" data-id=\"f53e08e\" data-element_type=\"widget\" data-widget_type=\"heading.default\">\n\t\t\t\t<div class=\"elementor-widget-container\">\n\t\t\t\t\t<h2 class=\"elementor-heading-title elementor-size-default\">IFMSA<\/h2>\t\t\t\t<\/div>\n\t\t\t\t<\/div>\n\t\t\t\t<div class=\"elementor-element elementor-element-8e3b4c2 elementor-widget elementor-widget-spacer\" data-id=\"8e3b4c2\" data-element_type=\"widget\" data-widget_type=\"spacer.default\">\n\t\t\t\t<div class=\"elementor-widget-container\">\n\t\t\t\t\t\t\t<div class=\"elementor-spacer\">\n\t\t\t<div class=\"elementor-spacer-inner\"><\/div>\n\t\t<\/div>\n\t\t\t\t\t\t<\/div>\n\t\t\t\t<\/div>\n\t\t\t\t<div class=\"elementor-element elementor-element-6607b837 elementor-widget elementor-widget-text-editor\" data-id=\"6607b837\" data-element_type=\"widget\" data-widget_type=\"text-editor.default\">\n\t\t\t\t<div class=\"elementor-widget-container\">\n\t\t\t\t\t\t\t\t\t\n<p>La Federaci\u00f3n Internacional de Asociaciones de Estudiantes de Medicina, o por sus siglas en ingl\u00e9s, IFMSA, es una ONG sin fines de lucro, presente en 33 Escuelas de Medicina de Chile y en muchas otras a nivel mundial. Funcionamos a trav\u00e9s de 6 comit\u00e9s (Salud P\u00fablica, Educaci\u00f3n M\u00e9dica, DD.HH. y Paz, Salud Sexual y Reproductiva, e Intercambios Cl\u00ednicos y de Investigaci\u00f3n) con el fin de aportar a\u00a0<em>la formaci\u00f3n de futuros m\u00e9dicos de manera integral, intentando influenciar sobre las inequidades transicionales que moldean la salud de nuestro planeta.\u00a0<\/em>Esto a trav\u00e9s de infograf\u00edas, charlas, actividades, redes de apoyo y capacitaciones, hacia el estudiantado y a la comunidad con los conocimientos que hemos ido adquiriendo.<\/p>\n<p>IFMSA nace en la Universidad de Talca el a\u00f1o 2010, junto con la primera generaci\u00f3n de estudiantes de Medicina de la Universidad. Desde entonces, a la familia IFMSA se le han ido sumando cada vez m\u00e1s personas con el mismo fin: ayudarnos a ser mejores futuros profesionales, aportar al mundo y provocar un cambio.<\/p>\n<p>Es as\u00ed como gracias al esfuerzo, cari\u00f1o y tiempo de todas las personas miembros de IFMSA Utalca hemos podido crecer y hacernos cada vez m\u00e1s conocidos y llegar a\u00fan m\u00e1s lejos en la comunidad, a nivel local, nacional e internacional.<\/p>\n<p>Contacto:\u00a0<a href=\"mailto:utal@ifmsa.cl\">utal@ifmsa.cl<\/a><\/p>\n<ul>\n<li>Presidente Organizaci\u00f3n Local: Marcelo Mora, 4to a\u00f1o<\/li>\n<li>Tesorero Organizaci\u00f3n Local: Eduardo Medina, 5to a\u00f1o<\/li>\n<li>Secretaria Organizaci\u00f3n Local: Emilia Carrasco, 3er a\u00f1o<\/li>\n<li>Encargada de Difusi\u00f3n y RR.SS.: Kendra Sehlke, 5to a\u00f1o<\/li>\n<\/ul>\n\t\t\t\t\t\t\t\t<\/div>\n\t\t\t\t<\/div>\n\t\t\t\t<div class=\"elementor-element elementor-element-9b9d48e gallery-spacing-custom elementor-widget elementor-widget-image-gallery\" data-id=\"9b9d48e\" data-element_type=\"widget\" data-widget_type=\"image-gallery.default\">\n\t\t\t\t<div class=\"elementor-widget-container\">\n\t\t\t\t\t\t\t<div class=\"elementor-image-gallery\">\n\t\t\t<div id='gallery-1' class='gallery galleryid-25060 gallery-columns-2 gallery-size-full'><figure class='gallery-item'>\n\t\t\t<div class='gallery-icon landscape'>\n\t\t\t\t<a data-elementor-open-lightbox=\"yes\" data-elementor-lightbox-slideshow=\"9b9d48e\" data-elementor-lightbox-title=\"IFMSA-1\" data-e-action-hash=\"#elementor-action%3Aaction%3Dlightbox%26settings%3DeyJpZCI6MjUwNjIsInVybCI6Imh0dHBzOlwvXC9tZWRpY2luYS51dGFsY2EuY2xcL3dwLWNvbnRlbnRcL3VwbG9hZHNcLzIwMjJcLzA4XC9JRk1TQS0xLnBuZyIsInNsaWRlc2hvdyI6IjliOWQ0OGUifQ%3D%3D\" href='https:\/\/medicina.utalca.cl\/wp-content\/uploads\/2022\/08\/IFMSA-1.png'><img fetchpriority=\"high\" decoding=\"async\" width=\"662\" height=\"662\" src=\"https:\/\/medicina.utalca.cl\/wp-content\/uploads\/2022\/08\/IFMSA-1.png\" class=\"attachment-full size-full\" alt=\"\" srcset=\"https:\/\/medicina.utalca.cl\/wp-content\/uploads\/2022\/08\/IFMSA-1.png 662w, https:\/\/medicina.utalca.cl\/wp-content\/uploads\/2022\/08\/IFMSA-1-300x300.png 300w, https:\/\/medicina.utalca.cl\/wp-content\/uploads\/2022\/08\/IFMSA-1-150x150.png 150w\" sizes=\"(max-width: 662px) 100vw, 662px\" \/><\/a>\n\t\t\t<\/div><\/figure><figure class='gallery-item'>\n\t\t\t<div class='gallery-icon landscape'>\n\t\t\t\t<a data-elementor-open-lightbox=\"yes\" data-elementor-lightbox-slideshow=\"9b9d48e\" data-elementor-lightbox-title=\"IFMSA-2\" data-e-action-hash=\"#elementor-action%3Aaction%3Dlightbox%26settings%3DeyJpZCI6MjUwNjMsInVybCI6Imh0dHBzOlwvXC9tZWRpY2luYS51dGFsY2EuY2xcL3dwLWNvbnRlbnRcL3VwbG9hZHNcLzIwMjJcLzA4XC9JRk1TQS0yLmpwZyIsInNsaWRlc2hvdyI6IjliOWQ0OGUifQ%3D%3D\" href='https:\/\/medicina.utalca.cl\/wp-content\/uploads\/2022\/08\/IFMSA-2.jpg'><img decoding=\"async\" width=\"649\" height=\"649\" src=\"https:\/\/medicina.utalca.cl\/wp-content\/uploads\/2022\/08\/IFMSA-2.jpg\" class=\"attachment-full size-full\" alt=\"\" srcset=\"https:\/\/medicina.utalca.cl\/wp-content\/uploads\/2022\/08\/IFMSA-2.jpg 649w, https:\/\/medicina.utalca.cl\/wp-content\/uploads\/2022\/08\/IFMSA-2-300x300.jpg 300w, https:\/\/medicina.utalca.cl\/wp-content\/uploads\/2022\/08\/IFMSA-2-150x150.jpg 150w\" sizes=\"(max-width: 649px) 100vw, 649px\" \/><\/a>\n\t\t\t<\/div><\/figure>\n\t\t<\/div>\n\t\t<\/div>\n\t\t\t\t\t\t<\/div>\n\t\t\t\t<\/div>\n\t\t\t\t\t<\/div>\n\t\t<\/div>\n\t\t\t\t\t<\/div>\n\t\t<\/section>\n\t\t\t\t<\/div>\n\t\t","protected":false},"excerpt":{"rendered":"<p>IFMSA La Federaci\u00f3n Internacional de Asociaciones de Estudiantes de Medicina, o por sus siglas en ingl\u00e9s, IFMSA, es una ONG sin fines de lucro, presente en 33 Escuelas de Medicina de Chile y en muchas otras a nivel mundial. Funcionamos a trav\u00e9s de 6 comit\u00e9s (Salud P\u00fablica, Educaci\u00f3n M\u00e9dica, DD.HH. y Paz, Salud Sexual y [&hellip;]<\/p>\n","protected":false},"author":1,"featured_media":0,"parent":0,"menu_order":0,"comment_status":"closed","ping_status":"closed","template":"","meta":{"site-sidebar-layout":"default","site-content-layout":"","ast-site-content-layout":"default","site-content-style":"default","site-sidebar-style":"default","ast-global-header-display":"","ast-banner-title-visibility":"","ast-main-header-display":"","ast-hfb-above-header-display":"","ast-hfb-below-header-display":"","ast-hfb-mobile-header-display":"","site-post-title":"disabled","ast-breadcrumbs-content":"","ast-featured-img":"","footer-sml-layout":"","theme-transparent-header-meta":"","adv-header-id-meta":"","stick-header-meta":"","header-above-stick-meta":"","header-main-stick-meta":"","header-below-stick-meta":"","astra-migrate-meta-layouts":"default","ast-page-background-enabled":"default","ast-page-background-meta":{"desktop":{"background-color":"","background-image":"","background-repeat":"repeat","background-position":"center center","background-size":"auto","background-attachment":"scroll","background-type":"","background-media":"","overlay-type":"","overlay-color":"","overlay-opacity":"","overlay-gradient":""},"tablet":{"background-color":"","background-image":"","background-repeat":"repeat","background-position":"center center","background-size":"auto","background-attachment":"scroll","background-type":"","background-media":"","overlay-type":"","overlay-color":"","overlay-opacity":"","overlay-gradient":""},"mobile":{"background-color":"","background-image":"","background-repeat":"repeat","background-position":"center center","background-size":"auto","background-attachment":"scroll","background-type":"","background-media":"","overlay-type":"","overlay-color":"","overlay-opacity":"","overlay-gradient":""}},"ast-content-background-meta":{"desktop":{"background-color":"var(--ast-global-color-5)","background-image":"","background-repeat":"repeat","background-position":"center center","background-size":"auto","background-attachment":"scroll","background-type":"","background-media":"","overlay-type":"","overlay-color":"","overlay-opacity":"","overlay-gradient":""},"tablet":{"background-color":"var(--ast-global-color-5)","background-image":"","background-repeat":"repeat","background-position":"center center","background-size":"auto","background-attachment":"scroll","background-type":"","background-media":"","overlay-type":"","overlay-color":"","overlay-opacity":"","overlay-gradient":""},"mobile":{"background-color":"var(--ast-global-color-5)","background-image":"","background-repeat":"repeat","background-position":"center center","background-size":"auto","background-attachment":"scroll","background-type":"","background-media":"","overlay-type":"","overlay-color":"","overlay-opacity":"","overlay-gradient":""}},"footnotes":""},"class_list":["post-25060","page","type-page","status-publish","hentry"],"_links":{"self":[{"href":"https:\/\/medicina.utalca.cl\/index.php?rest_route=\/wp\/v2\/pages\/25060","targetHints":{"allow":["GET"]}}],"collection":[{"href":"https:\/\/medicina.utalca.cl\/index.php?rest_route=\/wp\/v2\/pages"}],"about":[{"href":"https:\/\/medicina.utalca.cl\/index.php?rest_route=\/wp\/v2\/types\/page"}],"author":[{"embeddable":true,"href":"https:\/\/medicina.utalca.cl\/index.php?rest_route=\/wp\/v2\/users\/1"}],"replies":[{"embeddable":true,"href":"https:\/\/medicina.utalca.cl\/index.php?rest_route=%2Fwp%2Fv2%2Fcomments&post=25060"}],"version-history":[{"count":4,"href":"https:\/\/medicina.utalca.cl\/index.php?rest_route=\/wp\/v2\/pages\/25060\/revisions"}],"predecessor-version":[{"id":25066,"href":"https:\/\/medicina.utalca.cl\/index.php?rest_route=\/wp\/v2\/pages\/25060\/revisions\/25066"}],"wp:attachment":[{"href":"https:\/\/medicina.utalca.cl\/index.php?rest_route=%2Fwp%2Fv2%2Fmedia&parent=25060"}],"curies":[{"name":"wp","href":"https:\/\/api.w.org\/{rel}","templated":true}]}}