{"id":25078,"date":"2022-08-09T16:32:55","date_gmt":"2022-08-09T19:32:55","guid":{"rendered":"https:\/\/medicina.utalca.cl\/?page_id=25078"},"modified":"2022-08-09T16:43:39","modified_gmt":"2022-08-09T19:43:39","slug":"verasem","status":"publish","type":"page","link":"https:\/\/medicina.utalca.cl\/?page_id=25078","title":{"rendered":"VERASEM"},"content":{"rendered":"\t\t<div data-elementor-type=\"wp-page\" data-elementor-id=\"25078\" class=\"elementor elementor-25078\" data-elementor-post-type=\"page\">\n\t\t\t\t\t\t<section class=\"elementor-section elementor-top-section elementor-element elementor-element-737d8c2d elementor-section-boxed elementor-section-height-default elementor-section-height-default\" data-id=\"737d8c2d\" data-element_type=\"section\">\n\t\t\t\t\t\t<div class=\"elementor-container elementor-column-gap-default\">\n\t\t\t\t\t<div class=\"elementor-column elementor-col-100 elementor-top-column elementor-element elementor-element-b40505c\" data-id=\"b40505c\" data-element_type=\"column\">\n\t\t\t<div class=\"elementor-widget-wrap elementor-element-populated\">\n\t\t\t\t\t\t<div class=\"elementor-element elementor-element-f53e08e elementor-widget elementor-widget-heading\" data-id=\"f53e08e\" data-element_type=\"widget\" data-widget_type=\"heading.default\">\n\t\t\t\t<div class=\"elementor-widget-container\">\n\t\t\t\t\t<h2 class=\"elementor-heading-title elementor-size-default\">VERASEM<\/h2>\t\t\t\t<\/div>\n\t\t\t\t<\/div>\n\t\t\t\t<div class=\"elementor-element elementor-element-8e3b4c2 elementor-widget elementor-widget-spacer\" data-id=\"8e3b4c2\" data-element_type=\"widget\" data-widget_type=\"spacer.default\">\n\t\t\t\t<div class=\"elementor-widget-container\">\n\t\t\t\t\t\t\t<div class=\"elementor-spacer\">\n\t\t\t<div class=\"elementor-spacer-inner\"><\/div>\n\t\t<\/div>\n\t\t\t\t\t\t<\/div>\n\t\t\t\t<\/div>\n\t\t\t\t<div class=\"elementor-element elementor-element-6607b837 elementor-widget elementor-widget-text-editor\" data-id=\"6607b837\" data-element_type=\"widget\" data-widget_type=\"text-editor.default\">\n\t\t\t\t<div class=\"elementor-widget-container\">\n\t\t\t\t\t\t\t\t\t\n<p>El Voluntariado por la Educaci\u00f3n, Recreaci\u00f3n y Atenci\u00f3n en Salud desde Estudiantes de Medicina nace desde el inter\u00e9s de estudiantes de la Escuela de Medicina de la Universidad de Talca y la Unidad de Extensi\u00f3n de la carrera, con el fin de formar un grupo organizado al servicio de la comunidad por las m\u00faltiples necesidades y potencialidades de la Regi\u00f3n del Maule en el \u00e1rea de la promoci\u00f3n y prevenci\u00f3n en salud bajo un modelo biopsicosocial.<\/p>\n<p>\u00bfQu\u00e9 actividades realiza VERASEM?<br \/>VERASEM tiene una planificaci\u00f3n semestral de actividades seg\u00fan las necesidades de la comunidad.\u00a0<\/p>\n\t\t\t\t\t\t\t\t<\/div>\n\t\t\t\t<\/div>\n\t\t\t\t<div class=\"elementor-element elementor-element-f368b85 elementor-position-left elementor-view-default elementor-mobile-position-top elementor-widget elementor-widget-icon-box\" data-id=\"f368b85\" data-element_type=\"widget\" data-widget_type=\"icon-box.default\">\n\t\t\t\t<div class=\"elementor-widget-container\">\n\t\t\t\t\t\t\t<div class=\"elementor-icon-box-wrapper\">\n\n\t\t\t\t\t\t<div class=\"elementor-icon-box-icon\">\n\t\t\t\t<span  class=\"elementor-icon\">\n\t\t\t\t<i aria-hidden=\"true\" class=\"fas fa-circle\"><\/i>\t\t\t\t<\/span>\n\t\t\t<\/div>\n\t\t\t\n\t\t\t\t\t\t<div class=\"elementor-icon-box-content\">\n\n\t\t\t\t\t\t\t\t\t<h4 class=\"elementor-icon-box-title\">\n\t\t\t\t\t\t<span  >\n\t\t\t\t\t\t\tVerano Rural EMPEDRADO, febrero de 2020\t\t\t\t\t\t<\/span>\n\t\t\t\t\t<\/h4>\n\t\t\t\t\n\t\t\t\t\n\t\t\t<\/div>\n\t\t\t\n\t\t<\/div>\n\t\t\t\t\t\t<\/div>\n\t\t\t\t<\/div>\n\t\t\t\t<div class=\"elementor-element elementor-element-9b9d48e gallery-spacing-custom elementor-widget elementor-widget-image-gallery\" data-id=\"9b9d48e\" data-element_type=\"widget\" data-widget_type=\"image-gallery.default\">\n\t\t\t\t<div class=\"elementor-widget-container\">\n\t\t\t\t\t\t\t<div class=\"elementor-image-gallery\">\n\t\t\t<div id='gallery-1' class='gallery galleryid-25078 gallery-columns-3 gallery-size-full'><figure class='gallery-item'>\n\t\t\t<div class='gallery-icon landscape'>\n\t\t\t\t<a data-elementor-open-lightbox=\"yes\" data-elementor-lightbox-slideshow=\"9b9d48e\" data-elementor-lightbox-title=\"verasem1\" data-e-action-hash=\"#elementor-action%3Aaction%3Dlightbox%26settings%3DeyJpZCI6MjUwODMsInVybCI6Imh0dHBzOlwvXC9tZWRpY2luYS51dGFsY2EuY2xcL3dwLWNvbnRlbnRcL3VwbG9hZHNcLzIwMjJcLzA4XC92ZXJhc2VtMS5qcGciLCJzbGlkZXNob3ciOiI5YjlkNDhlIn0%3D\" href='https:\/\/medicina.utalca.cl\/wp-content\/uploads\/2022\/08\/verasem1.jpg'><img fetchpriority=\"high\" decoding=\"async\" width=\"1200\" height=\"811\" src=\"https:\/\/medicina.utalca.cl\/wp-content\/uploads\/2022\/08\/verasem1.jpg\" class=\"attachment-full size-full\" alt=\"\" srcset=\"https:\/\/medicina.utalca.cl\/wp-content\/uploads\/2022\/08\/verasem1.jpg 1200w, https:\/\/medicina.utalca.cl\/wp-content\/uploads\/2022\/08\/verasem1-300x203.jpg 300w, https:\/\/medicina.utalca.cl\/wp-content\/uploads\/2022\/08\/verasem1-1024x692.jpg 1024w, https:\/\/medicina.utalca.cl\/wp-content\/uploads\/2022\/08\/verasem1-768x519.jpg 768w\" sizes=\"(max-width: 1200px) 100vw, 1200px\" \/><\/a>\n\t\t\t<\/div><\/figure><figure class='gallery-item'>\n\t\t\t<div class='gallery-icon landscape'>\n\t\t\t\t<a data-elementor-open-lightbox=\"yes\" data-elementor-lightbox-slideshow=\"9b9d48e\" data-elementor-lightbox-title=\"verasem2\" data-e-action-hash=\"#elementor-action%3Aaction%3Dlightbox%26settings%3DeyJpZCI6MjUwODQsInVybCI6Imh0dHBzOlwvXC9tZWRpY2luYS51dGFsY2EuY2xcL3dwLWNvbnRlbnRcL3VwbG9hZHNcLzIwMjJcLzA4XC92ZXJhc2VtMi5qcGciLCJzbGlkZXNob3ciOiI5YjlkNDhlIn0%3D\" href='https:\/\/medicina.utalca.cl\/wp-content\/uploads\/2022\/08\/verasem2.jpg'><img decoding=\"async\" width=\"1200\" height=\"797\" src=\"https:\/\/medicina.utalca.cl\/wp-content\/uploads\/2022\/08\/verasem2.jpg\" class=\"attachment-full size-full\" alt=\"\" srcset=\"https:\/\/medicina.utalca.cl\/wp-content\/uploads\/2022\/08\/verasem2.jpg 1200w, https:\/\/medicina.utalca.cl\/wp-content\/uploads\/2022\/08\/verasem2-300x199.jpg 300w, https:\/\/medicina.utalca.cl\/wp-content\/uploads\/2022\/08\/verasem2-1024x680.jpg 1024w, https:\/\/medicina.utalca.cl\/wp-content\/uploads\/2022\/08\/verasem2-768x510.jpg 768w\" sizes=\"(max-width: 1200px) 100vw, 1200px\" \/><\/a>\n\t\t\t<\/div><\/figure><figure class='gallery-item'>\n\t\t\t<div class='gallery-icon landscape'>\n\t\t\t\t<a data-elementor-open-lightbox=\"yes\" data-elementor-lightbox-slideshow=\"9b9d48e\" data-elementor-lightbox-title=\"verasem3\" data-e-action-hash=\"#elementor-action%3Aaction%3Dlightbox%26settings%3DeyJpZCI6MjUwODksInVybCI6Imh0dHBzOlwvXC9tZWRpY2luYS51dGFsY2EuY2xcL3dwLWNvbnRlbnRcL3VwbG9hZHNcLzIwMjJcLzA4XC92ZXJhc2VtMy0xLmpwZyIsInNsaWRlc2hvdyI6IjliOWQ0OGUifQ%3D%3D\" href='https:\/\/medicina.utalca.cl\/wp-content\/uploads\/2022\/08\/verasem3-1.jpg'><img decoding=\"async\" width=\"1200\" height=\"811\" src=\"https:\/\/medicina.utalca.cl\/wp-content\/uploads\/2022\/08\/verasem3-1.jpg\" class=\"attachment-full size-full\" alt=\"\" srcset=\"https:\/\/medicina.utalca.cl\/wp-content\/uploads\/2022\/08\/verasem3-1.jpg 1200w, https:\/\/medicina.utalca.cl\/wp-content\/uploads\/2022\/08\/verasem3-1-300x203.jpg 300w, https:\/\/medicina.utalca.cl\/wp-content\/uploads\/2022\/08\/verasem3-1-1024x692.jpg 1024w, https:\/\/medicina.utalca.cl\/wp-content\/uploads\/2022\/08\/verasem3-1-768x519.jpg 768w\" sizes=\"(max-width: 1200px) 100vw, 1200px\" \/><\/a>\n\t\t\t<\/div><\/figure>\n\t\t<\/div>\n\t\t<\/div>\n\t\t\t\t\t\t<\/div>\n\t\t\t\t<\/div>\n\t\t\t\t<div class=\"elementor-element elementor-element-c341d57 elementor-widget elementor-widget-spacer\" data-id=\"c341d57\" data-element_type=\"widget\" data-widget_type=\"spacer.default\">\n\t\t\t\t<div class=\"elementor-widget-container\">\n\t\t\t\t\t\t\t<div class=\"elementor-spacer\">\n\t\t\t<div class=\"elementor-spacer-inner\"><\/div>\n\t\t<\/div>\n\t\t\t\t\t\t<\/div>\n\t\t\t\t<\/div>\n\t\t\t\t<div class=\"elementor-element elementor-element-98e73b5 elementor-position-left elementor-view-default elementor-mobile-position-top elementor-widget elementor-widget-icon-box\" data-id=\"98e73b5\" data-element_type=\"widget\" data-widget_type=\"icon-box.default\">\n\t\t\t\t<div class=\"elementor-widget-container\">\n\t\t\t\t\t\t\t<div class=\"elementor-icon-box-wrapper\">\n\n\t\t\t\t\t\t<div class=\"elementor-icon-box-icon\">\n\t\t\t\t<span  class=\"elementor-icon\">\n\t\t\t\t<i aria-hidden=\"true\" class=\"fas fa-circle\"><\/i>\t\t\t\t<\/span>\n\t\t\t<\/div>\n\t\t\t\n\t\t\t\t\t\t<div class=\"elementor-icon-box-content\">\n\n\t\t\t\t\t\t\t\t\t<h4 class=\"elementor-icon-box-title\">\n\t\t\t\t\t\t<span  >\n\t\t\t\t\t\t\tLanzamiento VERASEM 22 de Agosto de 2019\t\t\t\t\t\t<\/span>\n\t\t\t\t\t<\/h4>\n\t\t\t\t\n\t\t\t\t\n\t\t\t<\/div>\n\t\t\t\n\t\t<\/div>\n\t\t\t\t\t\t<\/div>\n\t\t\t\t<\/div>\n\t\t\t\t<div class=\"elementor-element elementor-element-392f785 gallery-spacing-custom elementor-widget elementor-widget-image-gallery\" data-id=\"392f785\" data-element_type=\"widget\" data-widget_type=\"image-gallery.default\">\n\t\t\t\t<div class=\"elementor-widget-container\">\n\t\t\t\t\t\t\t<div class=\"elementor-image-gallery\">\n\t\t\t<div id='gallery-2' class='gallery galleryid-25078 gallery-columns-2 gallery-size-full'><figure class='gallery-item'>\n\t\t\t<div class='gallery-icon landscape'>\n\t\t\t\t<a data-elementor-open-lightbox=\"yes\" data-elementor-lightbox-slideshow=\"392f785\" data-elementor-lightbox-title=\"verasem4\" data-e-action-hash=\"#elementor-action%3Aaction%3Dlightbox%26settings%3DeyJpZCI6MjUwODYsInVybCI6Imh0dHBzOlwvXC9tZWRpY2luYS51dGFsY2EuY2xcL3dwLWNvbnRlbnRcL3VwbG9hZHNcLzIwMjJcLzA4XC92ZXJhc2VtNC5qcGciLCJzbGlkZXNob3ciOiIzOTJmNzg1In0%3D\" href='https:\/\/medicina.utalca.cl\/wp-content\/uploads\/2022\/08\/verasem4.jpg'><img loading=\"lazy\" decoding=\"async\" width=\"1200\" height=\"800\" src=\"https:\/\/medicina.utalca.cl\/wp-content\/uploads\/2022\/08\/verasem4.jpg\" class=\"attachment-full size-full\" alt=\"\" srcset=\"https:\/\/medicina.utalca.cl\/wp-content\/uploads\/2022\/08\/verasem4.jpg 1200w, https:\/\/medicina.utalca.cl\/wp-content\/uploads\/2022\/08\/verasem4-300x200.jpg 300w, https:\/\/medicina.utalca.cl\/wp-content\/uploads\/2022\/08\/verasem4-1024x683.jpg 1024w, https:\/\/medicina.utalca.cl\/wp-content\/uploads\/2022\/08\/verasem4-768x512.jpg 768w\" sizes=\"(max-width: 1200px) 100vw, 1200px\" \/><\/a>\n\t\t\t<\/div><\/figure><figure class='gallery-item'>\n\t\t\t<div class='gallery-icon landscape'>\n\t\t\t\t<a data-elementor-open-lightbox=\"yes\" data-elementor-lightbox-slideshow=\"392f785\" data-elementor-lightbox-title=\"verasem5\" data-e-action-hash=\"#elementor-action%3Aaction%3Dlightbox%26settings%3DeyJpZCI6MjUwODcsInVybCI6Imh0dHBzOlwvXC9tZWRpY2luYS51dGFsY2EuY2xcL3dwLWNvbnRlbnRcL3VwbG9hZHNcLzIwMjJcLzA4XC92ZXJhc2VtNS5qcGciLCJzbGlkZXNob3ciOiIzOTJmNzg1In0%3D\" href='https:\/\/medicina.utalca.cl\/wp-content\/uploads\/2022\/08\/verasem5.jpg'><img loading=\"lazy\" decoding=\"async\" width=\"1200\" height=\"800\" src=\"https:\/\/medicina.utalca.cl\/wp-content\/uploads\/2022\/08\/verasem5.jpg\" class=\"attachment-full size-full\" alt=\"\" srcset=\"https:\/\/medicina.utalca.cl\/wp-content\/uploads\/2022\/08\/verasem5.jpg 1200w, https:\/\/medicina.utalca.cl\/wp-content\/uploads\/2022\/08\/verasem5-300x200.jpg 300w, https:\/\/medicina.utalca.cl\/wp-content\/uploads\/2022\/08\/verasem5-1024x683.jpg 1024w, https:\/\/medicina.utalca.cl\/wp-content\/uploads\/2022\/08\/verasem5-768x512.jpg 768w\" sizes=\"(max-width: 1200px) 100vw, 1200px\" \/><\/a>\n\t\t\t<\/div><\/figure>\n\t\t<\/div>\n\t\t<\/div>\n\t\t\t\t\t\t<\/div>\n\t\t\t\t<\/div>\n\t\t\t\t\t<\/div>\n\t\t<\/div>\n\t\t\t\t\t<\/div>\n\t\t<\/section>\n\t\t\t\t<\/div>\n\t\t","protected":false},"excerpt":{"rendered":"<p>VERASEM El Voluntariado por la Educaci\u00f3n, Recreaci\u00f3n y Atenci\u00f3n en Salud desde Estudiantes de Medicina nace desde el inter\u00e9s de estudiantes de la Escuela de Medicina de la Universidad de Talca y la Unidad de Extensi\u00f3n de la carrera, con el fin de formar un grupo organizado al servicio de la comunidad por las m\u00faltiples [&hellip;]<\/p>\n","protected":false},"author":1,"featured_media":0,"parent":0,"menu_order":0,"comment_status":"closed","ping_status":"closed","template":"","meta":{"site-sidebar-layout":"default","site-content-layout":"","ast-site-content-layout":"default","site-content-style":"default","site-sidebar-style":"default","ast-global-header-display":"","ast-banner-title-visibility":"","ast-main-header-display":"","ast-hfb-above-header-display":"","ast-hfb-below-header-display":"","ast-hfb-mobile-header-display":"","site-post-title":"disabled","ast-breadcrumbs-content":"","ast-featured-img":"","footer-sml-layout":"","theme-transparent-header-meta":"","adv-header-id-meta":"","stick-header-meta":"","header-above-stick-meta":"","header-main-stick-meta":"","header-below-stick-meta":"","astra-migrate-meta-layouts":"default","ast-page-background-enabled":"default","ast-page-background-meta":{"desktop":{"background-color":"","background-image":"","background-repeat":"repeat","background-position":"center center","background-size":"auto","background-attachment":"scroll","background-type":"","background-media":"","overlay-type":"","overlay-color":"","overlay-opacity":"","overlay-gradient":""},"tablet":{"background-color":"","background-image":"","background-repeat":"repeat","background-position":"center center","background-size":"auto","background-attachment":"scroll","background-type":"","background-media":"","overlay-type":"","overlay-color":"","overlay-opacity":"","overlay-gradient":""},"mobile":{"background-color":"","background-image":"","background-repeat":"repeat","background-position":"center center","background-size":"auto","background-attachment":"scroll","background-type":"","background-media":"","overlay-type":"","overlay-color":"","overlay-opacity":"","overlay-gradient":""}},"ast-content-background-meta":{"desktop":{"background-color":"var(--ast-global-color-5)","background-image":"","background-repeat":"repeat","background-position":"center center","background-size":"auto","background-attachment":"scroll","background-type":"","background-media":"","overlay-type":"","overlay-color":"","overlay-opacity":"","overlay-gradient":""},"tablet":{"background-color":"var(--ast-global-color-5)","background-image":"","background-repeat":"repeat","background-position":"center center","background-size":"auto","background-attachment":"scroll","background-type":"","background-media":"","overlay-type":"","overlay-color":"","overlay-opacity":"","overlay-gradient":""},"mobile":{"background-color":"var(--ast-global-color-5)","background-image":"","background-repeat":"repeat","background-position":"center center","background-size":"auto","background-attachment":"scroll","background-type":"","background-media":"","overlay-type":"","overlay-color":"","overlay-opacity":"","overlay-gradient":""}},"footnotes":""},"class_list":["post-25078","page","type-page","status-publish","hentry"],"_links":{"self":[{"href":"https:\/\/medicina.utalca.cl\/index.php?rest_route=\/wp\/v2\/pages\/25078","targetHints":{"allow":["GET"]}}],"collection":[{"href":"https:\/\/medicina.utalca.cl\/index.php?rest_route=\/wp\/v2\/pages"}],"about":[{"href":"https:\/\/medicina.utalca.cl\/index.php?rest_route=\/wp\/v2\/types\/page"}],"author":[{"embeddable":true,"href":"https:\/\/medicina.utalca.cl\/index.php?rest_route=\/wp\/v2\/users\/1"}],"replies":[{"embeddable":true,"href":"https:\/\/medicina.utalca.cl\/index.php?rest_route=%2Fwp%2Fv2%2Fcomments&post=25078"}],"version-history":[{"count":10,"href":"https:\/\/medicina.utalca.cl\/index.php?rest_route=\/wp\/v2\/pages\/25078\/revisions"}],"predecessor-version":[{"id":25095,"href":"https:\/\/medicina.utalca.cl\/index.php?rest_route=\/wp\/v2\/pages\/25078\/revisions\/25095"}],"wp:attachment":[{"href":"https:\/\/medicina.utalca.cl\/index.php?rest_route=%2Fwp%2Fv2%2Fmedia&parent=25078"}],"curies":[{"name":"wp","href":"https:\/\/api.w.org\/{rel}","templated":true}]}}